{"id":623,"date":"2024-01-08T11:34:16","date_gmt":"2024-01-08T09:34:16","guid":{"rendered":"https:\/\/magnavision.ro\/?page_id=623"},"modified":"2024-01-10T14:01:55","modified_gmt":"2024-01-10T12:01:55","slug":"about","status":"publish","type":"page","link":"https:\/\/magnavision.ro\/ro\/about\/","title":{"rendered":"Despre"},"content":{"rendered":"<div data-elementor-type=\"wp-page\" data-elementor-id=\"623\" class=\"elementor elementor-623\">\n\t\t\t\t<div class=\"elementor-element elementor-element-4237ffe e-flex e-con-boxed e-con e-parent\" data-id=\"4237ffe\" data-element_type=\"container\">\n\t\t\t\t\t<div class=\"e-con-inner\">\n\t\t<div class=\"elementor-element elementor-element-ac420ba e-con-full e-flex e-con e-child\" data-id=\"ac420ba\" data-element_type=\"container\">\n\t\t\t\t<div class=\"elementor-element elementor-element-c041b35 elementor-widget elementor-widget-image\" data-id=\"c041b35\" data-element_type=\"widget\" data-widget_type=\"image.default\">\n\t\t\t\t<div class=\"elementor-widget-container\">\n\t\t\t\t\t\t\t\t\t\t\t\t\t\t\t<img fetchpriority=\"high\" decoding=\"async\" width=\"470\" height=\"470\" src=\"https:\/\/magnavision.ro\/wp-content\/uploads\/2024\/01\/abut-page.png\" class=\"attachment-full size-full wp-image-651\" alt=\"\" srcset=\"https:\/\/magnavision.ro\/wp-content\/uploads\/2024\/01\/abut-page.png 470w, https:\/\/magnavision.ro\/wp-content\/uploads\/2024\/01\/abut-page-300x300.png 300w, https:\/\/magnavision.ro\/wp-content\/uploads\/2024\/01\/abut-page-150x150.png 150w\" sizes=\"100vw\" \/>\t\t\t\t\t\t\t\t\t\t\t\t\t\t\t<\/div>\n\t\t\t\t<\/div>\n\t\t\t\t<\/div>\n\t\t<div class=\"elementor-element elementor-element-07fbbfd e-con-full e-flex e-con e-child\" data-id=\"07fbbfd\" data-element_type=\"container\">\n\t\t\t\t<div class=\"elementor-element elementor-element-fa5fcc0 elementor-widget elementor-widget-text-editor\" data-id=\"fa5fcc0\" data-element_type=\"widget\" data-widget_type=\"text-editor.default\">\n\t\t\t\t<div class=\"elementor-widget-container\">\n\t\t\t\t\t\t\t\t\t<p>\u00cenfiin\u021bat\u0103 \u00een 2015, Magna Vision a evoluat rapid \u0219i a devenit o figur\u0103 proeminent\u0103 \u00een sectorul hidrogenului din Rom\u00e2nia. Echipa noastr\u0103 dedicat\u0103, care se m\u00e2ndre\u0219te cu 6 ani de expertiz\u0103 colectiv\u0103, exploreaz\u0103 cu ardoare frontierele inovatoare \u00een cadrul tehnologiei hidrogenului, impulsion\u00e2nd progresul \u00een materie de consumabile de cercetare, echipamente de ultim\u0103 genera\u021bie \u0219i solu\u021bii avansate de monitorizare a gazelor.<\/p>\t\t\t\t\t\t\t\t<\/div>\n\t\t\t\t<\/div>\n\t\t\t\t<div class=\"elementor-element elementor-element-1d19e05 ekit-equal-height-disable elementor-widget elementor-widget-elementskit-icon-box\" data-id=\"1d19e05\" data-element_type=\"widget\" data-widget_type=\"elementskit-icon-box.default\">\n\t\t\t\t<div class=\"elementor-widget-container\">\n\t\t\t\t\t<div class=\"ekit-wid-con\" >        <!-- link opening -->\n                <!-- end link opening -->\n\n        <div class=\"elementskit-infobox text-left text-left icon-lef-right-aligin elementor-animation- media\">\n                    <div class=\"elementskit-box-header elementor-animation-\">\n                <div class=\"elementskit-info-box-icon  text-center\">\n                    <i aria-hidden=\"true\" class=\"elementkit-infobox-icon icon icon-eye3\"><\/i>\n                <\/div>\n          <\/div>\n                        <div class=\"box-body\">\n                            <h3 class=\"elementskit-info-box-title\">\n                    Viziunea noastr\u0103                <\/h3>\n                        \t\t  \t<p>Viziunea noastr\u0103 este de a fi \u00een fruntea revolu\u021biei hidrogenului, oferind solu\u021bii durabile \u0219i inovatoare care s\u0103 conduc\u0103 tranzi\u021bia c\u0103tre un viitor mai curat \u0219i mai verde.<\/p>\n                                <\/div>\n        \n        \n                <\/div>\n        <\/div>\t\t\t\t<\/div>\n\t\t\t\t<\/div>\n\t\t\t\t<div class=\"elementor-element elementor-element-c463748 ekit-equal-height-disable elementor-widget elementor-widget-elementskit-icon-box\" data-id=\"c463748\" data-element_type=\"widget\" data-widget_type=\"elementskit-icon-box.default\">\n\t\t\t\t<div class=\"elementor-widget-container\">\n\t\t\t\t\t<div class=\"ekit-wid-con\" >        <!-- link opening -->\n                <!-- end link opening -->\n\n        <div class=\"elementskit-infobox text-left text-left icon-lef-right-aligin elementor-animation- media\">\n                    <div class=\"elementskit-box-header elementor-animation-\">\n                <div class=\"elementskit-info-box-icon  text-center\">\n                    <i aria-hidden=\"true\" class=\"elementkit-infobox-icon icon icon-target-2\"><\/i>\n                <\/div>\n          <\/div>\n                        <div class=\"box-body\">\n                            <h3 class=\"elementskit-info-box-title\">\n                    Misiunea noastr\u0103                <\/h3>\n                        \t\t  \t<p>Avem misiunea de a accelera adoptarea tehnologiei hidrogenului prin furnizarea de echipamente \u0219i materiale de ultim\u0103 genera\u021bie care permit industriilor, \u00eentreprinderilor \u0219i persoanelor fizice s\u0103 \u00ee\u0219i reduc\u0103 amprenta de carbon.<\/p>\n                                <\/div>\n        \n        \n                <\/div>\n        <\/div>\t\t\t\t<\/div>\n\t\t\t\t<\/div>\n\t\t\t\t<\/div>\n\t\t\t\t\t<\/div>\n\t\t\t\t<\/div>\n\t\t<div class=\"elementor-element elementor-element-4efb9b5 e-flex e-con-boxed e-con e-parent\" data-id=\"4efb9b5\" data-element_type=\"container\" data-settings=\"{&quot;background_background&quot;:&quot;classic&quot;}\">\n\t\t\t\t\t<div class=\"e-con-inner\">\n\t\t\t\t<div class=\"elementor-element elementor-element-dcd72cf elementor-widget elementor-widget-heading\" data-id=\"dcd72cf\" data-element_type=\"widget\" data-widget_type=\"heading.default\">\n\t\t\t\t<div class=\"elementor-widget-container\">\n\t\t\t\t\t<h2 class=\"elementor-heading-title elementor-size-default\">Valorile noastre<\/h2>\t\t\t\t<\/div>\n\t\t\t\t<\/div>\n\t\t<div class=\"elementor-element elementor-element-0ba6a25 e-con-full e-flex e-con e-child\" data-id=\"0ba6a25\" data-element_type=\"container\">\n\t\t<div class=\"elementor-element elementor-element-0a50b24 e-con-full e-flex e-con e-child\" data-id=\"0a50b24\" data-element_type=\"container\" data-settings=\"{&quot;background_background&quot;:&quot;classic&quot;}\">\n\t\t\t\t<div class=\"elementor-element elementor-element-518555f ekit-equal-height-disable elementor-widget elementor-widget-elementskit-icon-box\" data-id=\"518555f\" data-element_type=\"widget\" data-widget_type=\"elementskit-icon-box.default\">\n\t\t\t\t<div class=\"elementor-widget-container\">\n\t\t\t\t\t<div class=\"ekit-wid-con\" >        <!-- link opening -->\n                <!-- end link opening -->\n\n        <div class=\"elementskit-infobox text-center text-center icon-top-align elementor-animation-\">\n                    <div class=\"elementskit-box-header elementor-animation-\">\n                <div class=\"elementskit-info-box-icon\">\n                    <i aria-hidden=\"true\" class=\"elementkit-infobox-icon icon icon-badge\"><\/i>\n                <\/div>\n          <\/div>\n                        <div class=\"box-body\">\n                            <h3 class=\"elementskit-info-box-title\">\n                    Asigurarea calit\u0103\u021bii                <\/h3>\n                        \t\t  \t<p>Calitatea se afl\u0103 \u00een centrul a tot ceea ce facem. Respect\u0103m cele mai \u00eenalte standarde industriale pentru a ne asigura c\u0103 echipamentele \u0219i materialele noastre pentru hidrogen nu sunt doar eficiente, ci \u0219i fiabile \u0219i sigure.<\/p>\n                                <\/div>\n        \n        \n                <\/div>\n        <\/div>\t\t\t\t<\/div>\n\t\t\t\t<\/div>\n\t\t\t\t<\/div>\n\t\t<div class=\"elementor-element elementor-element-498d5af e-con-full e-flex e-con e-child\" data-id=\"498d5af\" data-element_type=\"container\" data-settings=\"{&quot;background_background&quot;:&quot;classic&quot;}\">\n\t\t\t\t<div class=\"elementor-element elementor-element-0a13f67 ekit-equal-height-disable elementor-widget elementor-widget-elementskit-icon-box\" data-id=\"0a13f67\" data-element_type=\"widget\" data-widget_type=\"elementskit-icon-box.default\">\n\t\t\t\t<div class=\"elementor-widget-container\">\n\t\t\t\t\t<div class=\"ekit-wid-con\" >        <!-- link opening -->\n                <!-- end link opening -->\n\n        <div class=\"elementskit-infobox text-center text-center icon-top-align elementor-animation-\">\n                    <div class=\"elementskit-box-header elementor-animation-\">\n                <div class=\"elementskit-info-box-icon\">\n                    <i aria-hidden=\"true\" class=\"elementkit-infobox-icon icon icon-globe\"><\/i>\n                <\/div>\n          <\/div>\n                        <div class=\"box-body\">\n                            <h3 class=\"elementskit-info-box-title\">\n                    \u00centindere global\u0103                <\/h3>\n                        \t\t  \t<p>De\u0219i r\u0103d\u0103cinile noastre sunt locale, impactul nostru este global. Avem furnizori din \u00eentreaga lume, oferind solu\u021bii de hidrogen care dep\u0103\u0219esc grani\u021bele \u0219i contribuie la o planet\u0103 mai durabil\u0103.<\/p>\n                                <\/div>\n        \n        \n                <\/div>\n        <\/div>\t\t\t\t<\/div>\n\t\t\t\t<\/div>\n\t\t\t\t<\/div>\n\t\t<div class=\"elementor-element elementor-element-455f012 e-con-full e-flex e-con e-child\" data-id=\"455f012\" data-element_type=\"container\" data-settings=\"{&quot;background_background&quot;:&quot;classic&quot;}\">\n\t\t\t\t<div class=\"elementor-element elementor-element-b104328 ekit-equal-height-disable elementor-widget elementor-widget-elementskit-icon-box\" data-id=\"b104328\" data-element_type=\"widget\" data-widget_type=\"elementskit-icon-box.default\">\n\t\t\t\t<div class=\"elementor-widget-container\">\n\t\t\t\t\t<div class=\"ekit-wid-con\" >        <!-- link opening -->\n                <!-- end link opening -->\n\n        <div class=\"elementskit-infobox text-center text-center icon-top-align elementor-animation-\">\n                    <div class=\"elementskit-box-header elementor-animation-\">\n                <div class=\"elementskit-info-box-icon\">\n                    <i aria-hidden=\"true\" class=\"elementkit-infobox-icon icon icon-planting\"><\/i>\n                <\/div>\n          <\/div>\n                        <div class=\"box-body\">\n                            <h3 class=\"elementskit-info-box-title\">\n                    Angajamentul de sustenabilitate                <\/h3>\n                        \t\t  \t<p>Suntem condu\u0219i de un angajament profund fa\u021b\u0103 de sustenabilitate. Solu\u021biile noastre sunt concepute pentru a reduce emisiile de gaze cu efect de ser\u0103 \u0219i pentru a promova un ecosistem energetic mai curat \u0219i mai durabil.<\/p>\n                                <\/div>\n        \n        \n                <\/div>\n        <\/div>\t\t\t\t<\/div>\n\t\t\t\t<\/div>\n\t\t\t\t<\/div>\n\t\t<div class=\"elementor-element elementor-element-363e736 e-con-full e-flex e-con e-child\" data-id=\"363e736\" data-element_type=\"container\" data-settings=\"{&quot;background_background&quot;:&quot;classic&quot;}\">\n\t\t\t\t<div class=\"elementor-element elementor-element-5dc83a2 ekit-equal-height-disable elementor-widget elementor-widget-elementskit-icon-box\" data-id=\"5dc83a2\" data-element_type=\"widget\" data-widget_type=\"elementskit-icon-box.default\">\n\t\t\t\t<div class=\"elementor-widget-container\">\n\t\t\t\t\t<div class=\"ekit-wid-con\" >        <!-- link opening -->\n                <!-- end link opening -->\n\n        <div class=\"elementskit-infobox text-center text-center icon-top-align elementor-animation-\">\n                    <div class=\"elementskit-box-header elementor-animation-\">\n                <div class=\"elementskit-info-box-icon\">\n                    <i aria-hidden=\"true\" class=\"elementkit-infobox-icon icon icon-hand_shake\"><\/i>\n                <\/div>\n          <\/div>\n                        <div class=\"box-body\">\n                            <h3 class=\"elementskit-info-box-title\">\n                    Abordare colaborativ\u0103                <\/h3>\n                        \t\t  \t<p>Noi credem \u00een colaborare. Lucr\u00e2nd \u00eendeaproape cu partenerii, cercet\u0103torii \u0219i clien\u021bii, ne str\u0103duim s\u0103 co-cre\u0103m solu\u021bii care s\u0103 abordeze provoc\u0103ri unice \u0219i s\u0103 determine schimb\u0103ri pozitive.<\/p>\n                                <\/div>\n        \n        \n                <\/div>\n        <\/div>\t\t\t\t<\/div>\n\t\t\t\t<\/div>\n\t\t\t\t<\/div>\n\t\t<div class=\"elementor-element elementor-element-d9c4cde e-con-full e-flex e-con e-child\" data-id=\"d9c4cde\" data-element_type=\"container\" data-settings=\"{&quot;background_background&quot;:&quot;classic&quot;}\">\n\t\t\t\t<div class=\"elementor-element elementor-element-794e1b9 ekit-equal-height-disable elementor-widget elementor-widget-elementskit-icon-box\" data-id=\"794e1b9\" data-element_type=\"widget\" data-widget_type=\"elementskit-icon-box.default\">\n\t\t\t\t<div class=\"elementor-widget-container\">\n\t\t\t\t\t<div class=\"ekit-wid-con\" >        <!-- link opening -->\n                <!-- end link opening -->\n\n        <div class=\"elementskit-infobox text-center text-center icon-top-align elementor-animation-\">\n                    <div class=\"elementskit-box-header elementor-animation-\">\n                <div class=\"elementskit-info-box-icon\">\n                    <i aria-hidden=\"true\" class=\"elementkit-infobox-icon icon icon-review\"><\/i>\n                <\/div>\n          <\/div>\n                        <div class=\"box-body\">\n                            <h3 class=\"elementskit-info-box-title\">\n                    Focalizare centrat\u0103 pe client                <\/h3>\n                        \t\t  \t<p>Clien\u021bii no\u0219tri se afl\u0103 \u00een centrul a tot ceea ce facem. V\u0103 ascult\u0103m nevoile, v\u0103 \u00een\u021belegem obiectivele \u0219i ne adapt\u0103m solu\u021biile pentru a v\u0103 asigura succesul \u00een adoptarea tehnologiei hidrogenului.<\/p>\n                                <\/div>\n        \n        \n                <\/div>\n        <\/div>\t\t\t\t<\/div>\n\t\t\t\t<\/div>\n\t\t\t\t<\/div>\n\t\t\t\t<\/div>\n\t\t\t\t\t<\/div>\n\t\t\t\t<\/div>\n\t\t<div class=\"elementor-element elementor-element-3801ff8 e-flex e-con-boxed e-con e-parent\" data-id=\"3801ff8\" data-element_type=\"container\" data-settings=\"{&quot;background_background&quot;:&quot;classic&quot;}\">\n\t\t\t\t\t<div class=\"e-con-inner\">\n\t\t<div class=\"elementor-element elementor-element-08adb8b e-con-full e-flex e-con e-child\" data-id=\"08adb8b\" data-element_type=\"container\" data-settings=\"{&quot;background_background&quot;:&quot;classic&quot;}\">\n\t\t\t\t<div class=\"elementor-element elementor-element-79a925d elementor-widget elementor-widget-heading\" data-id=\"79a925d\" data-element_type=\"widget\" data-widget_type=\"heading.default\">\n\t\t\t\t<div class=\"elementor-widget-container\">\n\t\t\t\t\t<h2 class=\"elementor-heading-title elementor-size-default\">Noi vindem solu\u021bii<\/h2>\t\t\t\t<\/div>\n\t\t\t\t<\/div>\n\t\t\t\t<div class=\"elementor-element elementor-element-a51257e elementor-widget elementor-widget-text-editor\" data-id=\"a51257e\" data-element_type=\"widget\" data-widget_type=\"text-editor.default\">\n\t\t\t\t<div class=\"elementor-widget-container\">\n\t\t\t\t\t\t\t\t\t<p>Suntem o companie care vinde solutii bazare pe  H2 companiilor.<\/p>\t\t\t\t\t\t\t\t<\/div>\n\t\t\t\t<\/div>\n\t\t\t\t<div class=\"elementor-element elementor-element-e967ffc elementor-align-center elementor-widget elementor-widget-button\" data-id=\"e967ffc\" data-element_type=\"widget\" data-widget_type=\"button.default\">\n\t\t\t\t<div class=\"elementor-widget-container\">\n\t\t\t\t\t\t\t\t\t<div class=\"elementor-button-wrapper\">\n\t\t\t\t\t<a class=\"elementor-button elementor-button-link elementor-size-sm\" href=\"https:\/\/magnavision.ro\/contact\">\n\t\t\t\t\t\t<span class=\"elementor-button-content-wrapper\">\n\t\t\t\t\t\t\t\t\t<span class=\"elementor-button-text\">Contacta\u021bi-ne<\/span>\n\t\t\t\t\t<\/span>\n\t\t\t\t\t<\/a>\n\t\t\t\t<\/div>\n\t\t\t\t\t\t\t\t<\/div>\n\t\t\t\t<\/div>\n\t\t\t\t<\/div>\n\t\t\t\t\t<\/div>\n\t\t\t\t<\/div>\n\t\t\t\t<\/div>","protected":false},"excerpt":{"rendered":"<p>Established in 2015, Magna Vision has rapidly evolved into a prominent figure in Romania&#8217;s hydrogen sector. Our dedicated team, boasting 6 years of collective expertise, ardently explores innovative frontiers within hydrogen technology, driving progress in research supplies, cutting-edge equipment, and advanced gas monitoring solutions. Our Vision Our vision is to be at the forefront of &hellip; <\/p>\n<p class=\"link-more\"><a href=\"https:\/\/magnavision.ro\/ro\/about\/\" class=\"more-link\">Continu\u0103 lectura<span class=\"screen-reader-text\"> \u201eAbout\u201d<\/span><\/a><\/p>","protected":false},"author":1,"featured_media":0,"parent":0,"menu_order":0,"comment_status":"closed","ping_status":"open","template":"inside.php","meta":{"footnotes":""},"class_list":["post-623","page","type-page","status-publish","hentry"],"_links":{"self":[{"href":"https:\/\/magnavision.ro\/ro\/wp-json\/wp\/v2\/pages\/623","targetHints":{"allow":["GET"]}}],"collection":[{"href":"https:\/\/magnavision.ro\/ro\/wp-json\/wp\/v2\/pages"}],"about":[{"href":"https:\/\/magnavision.ro\/ro\/wp-json\/wp\/v2\/types\/page"}],"author":[{"embeddable":true,"href":"https:\/\/magnavision.ro\/ro\/wp-json\/wp\/v2\/users\/1"}],"replies":[{"embeddable":true,"href":"https:\/\/magnavision.ro\/ro\/wp-json\/wp\/v2\/comments?post=623"}],"version-history":[{"count":43,"href":"https:\/\/magnavision.ro\/ro\/wp-json\/wp\/v2\/pages\/623\/revisions"}],"predecessor-version":[{"id":807,"href":"https:\/\/magnavision.ro\/ro\/wp-json\/wp\/v2\/pages\/623\/revisions\/807"}],"wp:attachment":[{"href":"https:\/\/magnavision.ro\/ro\/wp-json\/wp\/v2\/media?parent=623"}],"curies":[{"name":"wp","href":"https:\/\/api.w.org\/{rel}","templated":true}]}}